{"id":245,"date":"2014-10-21T19:49:31","date_gmt":"2014-10-21T19:49:31","guid":{"rendered":"http:\/\/okaysion.dk\/?page_id=245"},"modified":"2017-02-04T11:38:20","modified_gmt":"2017-02-04T11:38:20","slug":"om-mig","status":"publish","type":"page","link":"https:\/\/okaysion.dk\/?page_id=245","title":{"rendered":"Om mig"},"content":{"rendered":"<p><a href=\"http:\/\/okaysion.dk\/wp-content\/uploads\/2014\/10\/Okaysion.2011_4-f.jpg\"><img loading=\"lazy\" class=\"alignnone size-medium wp-image-270\" src=\"http:\/\/okaysion.dk\/wp-content\/uploads\/2014\/10\/Okaysion.2011_4-f-300x144.jpg\" alt=\"\" width=\"300\" height=\"144\" srcset=\"https:\/\/okaysion.dk\/wp-content\/uploads\/2014\/10\/Okaysion.2011_4-f-300x144.jpg 300w, https:\/\/okaysion.dk\/wp-content\/uploads\/2014\/10\/Okaysion.2011_4-f.jpg 450w\" sizes=\"(max-width: 300px) 100vw, 300px\" \/><\/a><\/p>\n<p>Jeg hedder Jonna Madsen, er en glad og positiv kvinde fra &#8217;62, som gennem +25 \u00e5r har arbejdet som grafiker\/dtp&#8217;er. Jeg arbejder ved MAC og behersker InDesign, Photoshop og Illustrator m.fl. s\u00e5 jeg har fingerene godt nede i det grafiske og mestre h\u00e5ndv\u00e6rket til fulde.<\/p>\n<p style=\"text-align: center;\"><a href=\"http:\/\/okaysion.dk\/wp-content\/uploads\/2014\/10\/jonna_2015.jpg\"><img loading=\"lazy\" class=\"size-medium wp-image-329 alignleft\" src=\"http:\/\/okaysion.dk\/wp-content\/uploads\/2014\/10\/jonna_2015-200x300.jpg\" alt=\"\" width=\"200\" height=\"300\" srcset=\"https:\/\/okaysion.dk\/wp-content\/uploads\/2014\/10\/jonna_2015-200x300.jpg 200w, https:\/\/okaysion.dk\/wp-content\/uploads\/2014\/10\/jonna_2015-768x1152.jpg 768w, https:\/\/okaysion.dk\/wp-content\/uploads\/2014\/10\/jonna_2015-683x1024.jpg 683w, https:\/\/okaysion.dk\/wp-content\/uploads\/2014\/10\/jonna_2015.jpg 1924w\" sizes=\"(max-width: 200px) 100vw, 200px\" \/><\/a><\/p>\n","protected":false},"excerpt":{"rendered":"<p>Jeg hedder Jonna Madsen, er en glad og positiv kvinde fra &#8217;62, som gennem +25 \u00e5r har arbejdet som grafiker\/dtp&#8217;er. Jeg arbejder ved MAC og behersker InDesign, Photoshop og Illustrator m.fl. s\u00e5 jeg har fingerene godt nede i det grafiske &hellip; <a href=\"https:\/\/okaysion.dk\/?page_id=245\">L\u00e6s resten <span class=\"meta-nav\">&rarr;<\/span><\/a><\/p>\n","protected":false},"author":1,"featured_media":0,"parent":0,"menu_order":0,"comment_status":"closed","ping_status":"closed","template":"","meta":[],"_links":{"self":[{"href":"https:\/\/okaysion.dk\/index.php?rest_route=\/wp\/v2\/pages\/245"}],"collection":[{"href":"https:\/\/okaysion.dk\/index.php?rest_route=\/wp\/v2\/pages"}],"about":[{"href":"https:\/\/okaysion.dk\/index.php?rest_route=\/wp\/v2\/types\/page"}],"author":[{"embeddable":true,"href":"https:\/\/okaysion.dk\/index.php?rest_route=\/wp\/v2\/users\/1"}],"replies":[{"embeddable":true,"href":"https:\/\/okaysion.dk\/index.php?rest_route=%2Fwp%2Fv2%2Fcomments&post=245"}],"version-history":[{"count":9,"href":"https:\/\/okaysion.dk\/index.php?rest_route=\/wp\/v2\/pages\/245\/revisions"}],"predecessor-version":[{"id":331,"href":"https:\/\/okaysion.dk\/index.php?rest_route=\/wp\/v2\/pages\/245\/revisions\/331"}],"wp:attachment":[{"href":"https:\/\/okaysion.dk\/index.php?rest_route=%2Fwp%2Fv2%2Fmedia&parent=245"}],"curies":[{"name":"wp","href":"https:\/\/api.w.org\/{rel}","templated":true}]}}