{"id":23,"date":"2014-10-21T18:37:29","date_gmt":"2014-10-21T18:37:29","guid":{"rendered":"http:\/\/okaysion.dk\/?page_id=23"},"modified":"2015-04-08T08:55:09","modified_gmt":"2015-04-08T08:55:09","slug":"kontakt","status":"publish","type":"page","link":"https:\/\/okaysion.dk\/?page_id=23","title":{"rendered":"Kontakt"},"content":{"rendered":"<p><strong>Okaysion Grafisk Design<\/strong>\u00a0v\/Jonna Madsen<\/p>\n<p>Jeg arbejder med b\u00e5de store og sm\u00e5 opgaver<br \/>\n&#8211; s\u00e5 ring eller skriv s\u00e5 finder vi ud af noget<\/p>\n<p>Telefon: <strong>28 11 06 17<\/strong><br \/>\nE-mail: jonna@okaysion.dk<\/p>\n","protected":false},"excerpt":{"rendered":"<p>Okaysion Grafisk Design\u00a0v\/Jonna Madsen Jeg arbejder med b\u00e5de store og sm\u00e5 opgaver &#8211; s\u00e5 ring eller skriv s\u00e5 finder vi ud af noget Telefon: 28 11 06 17 E-mail: jonna@okaysion.dk<\/p>\n","protected":false},"author":1,"featured_media":0,"parent":0,"menu_order":0,"comment_status":"closed","ping_status":"closed","template":"","meta":[],"_links":{"self":[{"href":"https:\/\/okaysion.dk\/index.php?rest_route=\/wp\/v2\/pages\/23"}],"collection":[{"href":"https:\/\/okaysion.dk\/index.php?rest_route=\/wp\/v2\/pages"}],"about":[{"href":"https:\/\/okaysion.dk\/index.php?rest_route=\/wp\/v2\/types\/page"}],"author":[{"embeddable":true,"href":"https:\/\/okaysion.dk\/index.php?rest_route=\/wp\/v2\/users\/1"}],"replies":[{"embeddable":true,"href":"https:\/\/okaysion.dk\/index.php?rest_route=%2Fwp%2Fv2%2Fcomments&post=23"}],"version-history":[{"count":5,"href":"https:\/\/okaysion.dk\/index.php?rest_route=\/wp\/v2\/pages\/23\/revisions"}],"predecessor-version":[{"id":309,"href":"https:\/\/okaysion.dk\/index.php?rest_route=\/wp\/v2\/pages\/23\/revisions\/309"}],"wp:attachment":[{"href":"https:\/\/okaysion.dk\/index.php?rest_route=%2Fwp%2Fv2%2Fmedia&parent=23"}],"curies":[{"name":"wp","href":"https:\/\/api.w.org\/{rel}","templated":true}]}}